{"id":267,"date":"2012-01-14T21:06:13","date_gmt":"2012-01-14T21:06:13","guid":{"rendered":"http:\/\/blogg.uumajalaiset.se\/?page_id=267"},"modified":"2018-09-24T20:05:24","modified_gmt":"2018-09-24T18:05:24","slug":"radio","status":"publish","type":"page","link":"http:\/\/uumajalaiset.se\/?page_id=267","title":{"rendered":"Radio"},"content":{"rendered":"<p>Uumajan Suomalainen Kerho l\u00e4hetti l\u00e4hiradio-ohjelmia sunnuntaisin klo 15.00 &#8211; 17.30<\/p>\n<p>Kerhon l\u00e4hiradiol\u00e4hetykset on lopetettu syksyll\u00e4 2016, johtuen Sium-yhdistyksen rahoitusongelmista.<\/p>\n","protected":false},"excerpt":{"rendered":"<p>Uumajan Suomalainen Kerho l\u00e4hetti l\u00e4hiradio-ohjelmia sunnuntaisin klo 15.00 &#8211; 17.30 Kerhon l\u00e4hiradiol\u00e4hetykset on lopetettu syksyll\u00e4 2016, johtuen Sium-yhdistyksen rahoitusongelmista.<\/p>\n","protected":false},"author":1,"featured_media":0,"parent":0,"menu_order":0,"comment_status":"closed","ping_status":"open","template":"","meta":{"footnotes":""},"class_list":["post-267","page","type-page","status-publish","hentry"],"_links":{"self":[{"href":"http:\/\/uumajalaiset.se\/index.php?rest_route=\/wp\/v2\/pages\/267","targetHints":{"allow":["GET"]}}],"collection":[{"href":"http:\/\/uumajalaiset.se\/index.php?rest_route=\/wp\/v2\/pages"}],"about":[{"href":"http:\/\/uumajalaiset.se\/index.php?rest_route=\/wp\/v2\/types\/page"}],"author":[{"embeddable":true,"href":"http:\/\/uumajalaiset.se\/index.php?rest_route=\/wp\/v2\/users\/1"}],"replies":[{"embeddable":true,"href":"http:\/\/uumajalaiset.se\/index.php?rest_route=%2Fwp%2Fv2%2Fcomments&post=267"}],"version-history":[{"count":54,"href":"http:\/\/uumajalaiset.se\/index.php?rest_route=\/wp\/v2\/pages\/267\/revisions"}],"predecessor-version":[{"id":7658,"href":"http:\/\/uumajalaiset.se\/index.php?rest_route=\/wp\/v2\/pages\/267\/revisions\/7658"}],"wp:attachment":[{"href":"http:\/\/uumajalaiset.se\/index.php?rest_route=%2Fwp%2Fv2%2Fmedia&parent=267"}],"curies":[{"name":"wp","href":"https:\/\/api.w.org\/{rel}","templated":true}]}}