{"id":4534,"date":"2012-10-23T19:07:36","date_gmt":"2012-10-23T19:07:36","guid":{"rendered":"http:\/\/uumajalaiset.se\/?page_id=4534"},"modified":"2018-09-24T20:05:23","modified_gmt":"2018-09-24T18:05:23","slug":"filmiviikko-2012","status":"publish","type":"page","link":"http:\/\/uumajalaiset.se\/?page_id=4534","title":{"rendered":"Filmiviikko 2012 &#8211; Finsk Filmfrossa 2012"},"content":{"rendered":"<p><strong>28\/10 Su<\/strong>\u00a0klo 18.00 <strong><a href=\"http:\/\/youtu.be\/SaISDiE0QHA\" target=\"_blank\">Miss\u00e4 kuljimme kerran <\/a><\/strong>(2011) ruotsiksi, suom teksti<br \/>\n<strong>29\/10 Ma<\/strong>\u00a0klo 15.00 <strong><a href=\"http:\/\/www.iltalehti.fi\/leffat\/201201260142508_la.shtml\" target=\"_blank\">Hulluna Saraan<\/a> <\/strong>(2012)\u00a0\u00a0\u00a0\u00a0\u00a0\u00a0\u00a0\u00a0<br \/>\nklo 18.00 <a href=\"http:\/\/www.roskisprinssi.fi\/fi\/etusivu\/\" target=\"_blank\"><strong>Roskisprinssi<\/strong> <\/a>(2011)<br \/>\n<strong>30\/10<\/strong> Ti\u00a0klo 15.00 <a href=\"http:\/\/youtu.be\/IxA12C3c_yM\" target=\"_blank\"><strong>Risto<\/strong><\/a> (2011) \u00a0\u00a0<br \/>\nklo 18.00 <a href=\"http:\/\/youtu.be\/VSEKmhM2GQs\" target=\"_blank\"><strong>Rat King<\/strong><\/a> (2012)\u00a0<br \/>\n<strong>31\/10 Ke<\/strong>\u00a0klo 15.00 <a href=\"http:\/\/www.hiljaisuuselokuva.fi\/\" target=\"_blank\"><strong>Silence Hiljaisuus<\/strong><\/a> (2011)\u00a0<br \/>\nklo 18.00 <a href=\"http:\/\/youtu.be\/e9MAstEYTHE\" target=\"_blank\"><strong>Kohta 18<\/strong><\/a> (2012)<br \/>\n<strong>1\/11 To<\/strong>\u00a0klo 15.00 <a href=\"http:\/\/youtu.be\/ZDIK8vwx8u4\" target=\"_blank\"><strong>Kotirauha<\/strong> <\/a>(2011)\u00a0\u00a0\u00a0\u00a0\u00a0\u00a0\u00a0<br \/>\nklo 18.00 <a href=\"http:\/\/www.leffatykki.com\/elokuva\/jos-rakastat\" target=\"_blank\"><strong>Jos rakastat<\/strong><\/a> (2010)<br \/>\n<strong>2\/11<\/strong> Pe\u00a0klo 15.00 <a href=\"http:\/\/youtu.be\/hoMJf7CHLqA\" target=\"_blank\"><strong>Raja 1918<\/strong><\/a> (2007) \u00a0\u00a0\u00a0\u00a0\u00a0\u00a0\u00a0<br \/>\nklo 18.00 <a href=\"http:\/\/youtu.be\/xUVdnFbTQ1Q\" target=\"_blank\"><strong>H\u00e4rm\u00e4<\/strong> <\/a>(2012)<br \/>\n<strong>3\/11<\/strong> La\u00a0klo 12.00 Lasten elokuva\u00a0\u00a0\u00a0\u00a0\u00a0\u00a0\u00a0<br \/>\nklo 18.00 <a href=\"http:\/\/www.ironsky.net\/\" target=\"_blank\"><strong>Iron Sky<\/strong> <\/a>(2012)<br \/>\n<strong>4\/11<\/strong> Su\u00a0klo 18.00 <a href=\"http:\/\/www.moviezine.se\/film\/jagarna2\" target=\"_blank\"><strong>J\u00e4garna 2<\/strong> <\/a>(2012) ruotsiksi, suom teksti<\/p>\n<p>Uusia suomalaisia elokuvia kerhon m\u00f6kill\u00e4.<br \/>\nKahvia, leivonnaisia, virvokkeita myynniss\u00e4 m\u00f6kill\u00e4.<br \/>\nSuomalaista kotiruokaa omakustannushintaan 40kr\/henkil\u00f6 klo 17.00 joka p\u00e4iv\u00e4.<br \/>\nVapaa p\u00e4\u00e4sy! Tule ihmeess\u00e4 k\u00e4ym\u00e4\u00e4n!<\/p>\n","protected":false},"excerpt":{"rendered":"<p>28\/10 Su\u00a0klo 18.00 Miss\u00e4 kuljimme kerran (2011) ruotsiksi, suom teksti 29\/10 Ma\u00a0klo 15.00 Hulluna Saraan (2012)\u00a0\u00a0\u00a0\u00a0\u00a0\u00a0\u00a0\u00a0 klo 18.00 Roskisprinssi (2011) 30\/10 Ti\u00a0klo 15.00 Risto (2011) \u00a0\u00a0 klo 18.00 Rat King (2012)\u00a0 31\/10 Ke\u00a0klo 15.00 Silence Hiljaisuus (2011)\u00a0 klo 18.00 Kohta &hellip; <a href=\"http:\/\/uumajalaiset.se\/?page_id=4534\">L\u00e4s mer <span class=\"meta-nav\">&rarr;<\/span><\/a><\/p>\n","protected":false},"author":1,"featured_media":0,"parent":0,"menu_order":0,"comment_status":"closed","ping_status":"closed","template":"","meta":{"footnotes":""},"class_list":["post-4534","page","type-page","status-publish","hentry"],"_links":{"self":[{"href":"http:\/\/uumajalaiset.se\/index.php?rest_route=\/wp\/v2\/pages\/4534","targetHints":{"allow":["GET"]}}],"collection":[{"href":"http:\/\/uumajalaiset.se\/index.php?rest_route=\/wp\/v2\/pages"}],"about":[{"href":"http:\/\/uumajalaiset.se\/index.php?rest_route=\/wp\/v2\/types\/page"}],"author":[{"embeddable":true,"href":"http:\/\/uumajalaiset.se\/index.php?rest_route=\/wp\/v2\/users\/1"}],"replies":[{"embeddable":true,"href":"http:\/\/uumajalaiset.se\/index.php?rest_route=%2Fwp%2Fv2%2Fcomments&post=4534"}],"version-history":[{"count":5,"href":"http:\/\/uumajalaiset.se\/index.php?rest_route=\/wp\/v2\/pages\/4534\/revisions"}],"predecessor-version":[{"id":7867,"href":"http:\/\/uumajalaiset.se\/index.php?rest_route=\/wp\/v2\/pages\/4534\/revisions\/7867"}],"wp:attachment":[{"href":"http:\/\/uumajalaiset.se\/index.php?rest_route=%2Fwp%2Fv2%2Fmedia&parent=4534"}],"curies":[{"name":"wp","href":"https:\/\/api.w.org\/{rel}","templated":true}]}}