{"id":484,"date":"2012-01-27T06:13:19","date_gmt":"2012-01-27T06:13:19","guid":{"rendered":"http:\/\/uumajalaiset.se\/?page_id=484"},"modified":"2025-05-05T09:51:54","modified_gmt":"2025-05-05T07:51:54","slug":"kirput","status":"publish","type":"page","link":"http:\/\/uumajalaiset.se\/?page_id=484","title":{"rendered":"Kirput"},"content":{"rendered":"<p align=\"JUSTIFY\">Joko olet tehnyt Uudenvuodenlupauksia? Uskallatko luvata itsellesi ett\u00e4 t\u00e4n\u00e4\u00a0vuonna\u00a0 tulet kehitt\u00e4m\u00e4\u00e4n itse\u00e4si, luovuuttasi? Sinulla on avain; meill\u00e4 on lukko. Uskallatko k\u00e4ytt\u00e4\u00e4 avaintasi?<\/p>\n<p align=\"JUSTIFY\">Tule keskustelemaan mit\u00e4 voimme yhdess\u00e4 tehd\u00e4. Tuo ideasi tulevasta toiminnasta. Mit\u00e4 teatteri voi sinulle antaa? Mit\u00e4 sin\u00e4 voit antaa teatterille ja Kirpuille.<\/p>\n<p align=\"JUSTIFY\">Tapaamiset sinun ehdoillasi. Karaokea, lauluharjoituksia, sketsien tekemist\u00e4, jutustelua teatterin tekemisen iloista ja suruista, mit\u00e4 vain haluat. Tule rohkeasti mukaan, tuo my\u00f6s yst\u00e4v\u00e4si. Meill\u00e4 Kirpuissa on kynnys matalalla ja katto korkealla. Teatterin tekeminen ei ainoastaan kehit\u00e4 luovuuttasi tai ehk\u00e4ise dementiaa vaan teatteriharrastuksella on todettu olevan terveytt\u00e4 edist\u00e4v\u00e4\u00e4 vaikutusta. Teatteriharrastus on mainio tapa kehitt\u00e4\u00e4 ja yll\u00e4pit\u00e4\u00e4 suomenkielt\u00e4. Teatteri on mainio kielenelvytt\u00e4j\u00e4.<\/p>\n<p align=\"JUSTIFY\"><strong>TAPAAMISET<br \/><\/strong>Lis\u00e4tietoja: Tapiolta O70 \u2013 765 53 82.<\/p>\n<p align=\"JUSTIFY\">Kotisivu: <a href=\"http:\/\/www.uumajalaiset.se\">www.uumajalaiset.se<\/a><\/p>\n<p align=\"JUSTIFY\">Valtakunnallisesta harrastajateatteritoiminnasta lis\u00e4tietoa:<br \/><a href=\"https:\/\/rskl.se\/harrastajateatteriliitto\/\">https:\/\/rskl.se\/harrastajateatteriliitto\/<\/a><\/p>\n<p>Tapaamisiin\u00a0Kirput<\/p>\n\n\n<p><\/p>\n","protected":false},"excerpt":{"rendered":"<p>Joko olet tehnyt Uudenvuodenlupauksia? Uskallatko luvata itsellesi ett\u00e4 t\u00e4n\u00e4\u00a0vuonna\u00a0 tulet kehitt\u00e4m\u00e4\u00e4n itse\u00e4si, luovuuttasi? Sinulla on avain; meill\u00e4 on lukko. Uskallatko k\u00e4ytt\u00e4\u00e4 avaintasi? Tule keskustelemaan mit\u00e4 voimme yhdess\u00e4 tehd\u00e4. Tuo ideasi tulevasta toiminnasta. Mit\u00e4 teatteri voi sinulle antaa? Mit\u00e4 sin\u00e4 voit &hellip; <a href=\"http:\/\/uumajalaiset.se\/?page_id=484\">L\u00e4s mer <span class=\"meta-nav\">&rarr;<\/span><\/a><\/p>\n","protected":false},"author":1,"featured_media":0,"parent":0,"menu_order":0,"comment_status":"closed","ping_status":"open","template":"","meta":{"footnotes":""},"class_list":["post-484","page","type-page","status-publish","hentry"],"_links":{"self":[{"href":"http:\/\/uumajalaiset.se\/index.php?rest_route=\/wp\/v2\/pages\/484","targetHints":{"allow":["GET"]}}],"collection":[{"href":"http:\/\/uumajalaiset.se\/index.php?rest_route=\/wp\/v2\/pages"}],"about":[{"href":"http:\/\/uumajalaiset.se\/index.php?rest_route=\/wp\/v2\/types\/page"}],"author":[{"embeddable":true,"href":"http:\/\/uumajalaiset.se\/index.php?rest_route=\/wp\/v2\/users\/1"}],"replies":[{"embeddable":true,"href":"http:\/\/uumajalaiset.se\/index.php?rest_route=%2Fwp%2Fv2%2Fcomments&post=484"}],"version-history":[{"count":10,"href":"http:\/\/uumajalaiset.se\/index.php?rest_route=\/wp\/v2\/pages\/484\/revisions"}],"predecessor-version":[{"id":10305,"href":"http:\/\/uumajalaiset.se\/index.php?rest_route=\/wp\/v2\/pages\/484\/revisions\/10305"}],"wp:attachment":[{"href":"http:\/\/uumajalaiset.se\/index.php?rest_route=%2Fwp%2Fv2%2Fmedia&parent=484"}],"curies":[{"name":"wp","href":"https:\/\/api.w.org\/{rel}","templated":true}]}}