{"id":8413,"date":"2021-01-10T05:20:50","date_gmt":"2021-01-10T03:20:50","guid":{"rendered":"http:\/\/uumajalaiset.se\/?page_id=8413"},"modified":"2025-12-02T06:36:30","modified_gmt":"2025-12-02T04:36:30","slug":"saunominen-kerhon-mokilla","status":"publish","type":"page","link":"http:\/\/uumajalaiset.se\/?page_id=8413","title":{"rendered":"Saunominen kerhon m\u00f6kill\u00e4"},"content":{"rendered":"\n<p>Kerholla(USK) on puul\u00e4mmitteinen sauna, jossa olemme saunoneet vuodesta 1988 asti. Uuden m\u00f6kin saunassa kes\u00e4st\u00e4 2021 l\u00e4htien.<br \/><br \/><strong>Saunominen tapahtuu seuraavasti:<\/strong><br \/>&#8211; tullaan lauantaina klo 14-17 v\u00e4lill\u00e4 m\u00f6kille ja kysyt\u00e4\u00e4n saunavastaavalta koska voi saunoa. Joskus saunaan p\u00e4\u00e4see vaikka heti, joskus taasen joutuu hieman odottamaan miehi\u00e4 \u2013 tai naisia \u2013 saunasta. Miehet saunovat kesken\u00e4\u00e4n ja naiset samoin. Yksinkin voi saunoa, jos saunavastaavalle niin sopii.<br \/>Saunomissuositus:<br \/>&#8211; klo.14-16 kaikille avoin vuoro<br \/>&#8211; klo. 16-17 naisten vuoro<br \/>&#8211; klo. 17-18 miesten vuoro<br \/>&#8211; Saunomisaika on max. 1 tunti.<br \/>Miehet tapaavat saunoa suomalaisittain eli vain pefletti alusena. Naiset &#8211; kukin tavallaan.<br \/><br \/>Saunamaksut\u00a0ovat:<br \/>&#8211;\u00a0j\u00e4sen\u00a030\u00a0kr<br \/>&#8211;\u00a0saunakortti\u00a0(vain\u00a0j\u00e4senille)\u00a0200\u00a0kr\/10\u00a0krt<br \/>&#8211;\u00a0ei\u00a0j\u00e4sen\u00a050\u00a0kr<br \/><br \/>K\u00e4yt\u00e4nn\u00f6ss\u00e4 saunominen tapahtuu siis siten, ett\u00e4 tulet m\u00f6kille lauantaina, kysyt saunavastaavalta koska saa saunoa. Sitten maksat sopivan saunamaksun <em>(swishaaminen onnistuu)<\/em>, ostat ehk\u00e4 juomista saunaan 15 kr tai vuokraat pyyhkeen 10 kr.<br \/><br \/>Lauantaisin m\u00f6kill\u00e4 on saunanl\u00e4mmitt\u00e4j\u00e4 paikalla klo 12-18.<\/p>\n","protected":false},"excerpt":{"rendered":"<p>Kerholla(USK) on puul\u00e4mmitteinen sauna, jossa olemme saunoneet vuodesta 1988 asti. Uuden m\u00f6kin saunassa kes\u00e4st\u00e4 2021 l\u00e4htien. Saunominen tapahtuu seuraavasti:&#8211; tullaan lauantaina klo 14-17 v\u00e4lill\u00e4 m\u00f6kille ja kysyt\u00e4\u00e4n saunavastaavalta koska voi saunoa. Joskus saunaan p\u00e4\u00e4see vaikka heti, joskus taasen joutuu hieman &hellip; <a href=\"http:\/\/uumajalaiset.se\/?page_id=8413\">L\u00e4s mer <span class=\"meta-nav\">&rarr;<\/span><\/a><\/p>\n","protected":false},"author":1,"featured_media":0,"parent":0,"menu_order":0,"comment_status":"closed","ping_status":"closed","template":"","meta":{"footnotes":""},"class_list":["post-8413","page","type-page","status-publish","hentry"],"_links":{"self":[{"href":"http:\/\/uumajalaiset.se\/index.php?rest_route=\/wp\/v2\/pages\/8413","targetHints":{"allow":["GET"]}}],"collection":[{"href":"http:\/\/uumajalaiset.se\/index.php?rest_route=\/wp\/v2\/pages"}],"about":[{"href":"http:\/\/uumajalaiset.se\/index.php?rest_route=\/wp\/v2\/types\/page"}],"author":[{"embeddable":true,"href":"http:\/\/uumajalaiset.se\/index.php?rest_route=\/wp\/v2\/users\/1"}],"replies":[{"embeddable":true,"href":"http:\/\/uumajalaiset.se\/index.php?rest_route=%2Fwp%2Fv2%2Fcomments&post=8413"}],"version-history":[{"count":6,"href":"http:\/\/uumajalaiset.se\/index.php?rest_route=\/wp\/v2\/pages\/8413\/revisions"}],"predecessor-version":[{"id":10559,"href":"http:\/\/uumajalaiset.se\/index.php?rest_route=\/wp\/v2\/pages\/8413\/revisions\/10559"}],"wp:attachment":[{"href":"http:\/\/uumajalaiset.se\/index.php?rest_route=%2Fwp%2Fv2%2Fmedia&parent=8413"}],"curies":[{"name":"wp","href":"https:\/\/api.w.org\/{rel}","templated":true}]}}