{"id":24,"date":"2025-03-30T10:00:00","date_gmt":"2025-03-30T08:00:00","guid":{"rendered":"http:\/\/blogg.uumajalaiset.se\/?page_id=24"},"modified":"2026-05-03T16:59:02","modified_gmt":"2026-05-03T14:59:02","slug":"menovinkit","status":"publish","type":"page","link":"https:\/\/uumajalaiset.se\/","title":{"rendered":"Menovinkit Uumajassa"},"content":{"rendered":"\n<p>Kerhom\u00f6kin osoite Olle Fiskares v\u00e4g 25 <br \/><span style=\"color: #000000;\"><strong>TOISTUVAT TAPAAMISET:<\/strong><\/span><br \/><strong>Tiistai:<\/strong> El\u00e4kel\u00e4isjaosto joka toinen tiistai \u00c5lidhemin kirkolla klo 13. Info Stig E. O7O-6024582<br \/><strong>Keskiviikko:<\/strong> Vesijumppa Ersbodassa klo 15. Info Leila B. O70-323 16 90<br \/><span style=\"color: #000000;\"><span style=\"color: #ff0000;\"><strong>LAUANTAISIN: <\/strong><\/span><strong><a href=\"http:\/\/uumajalaiset.se\/?page_id=8413\">Sauna ja m\u00f6kki<\/a><span style=\"color: #ff0000;\"><\/span> <span style=\"color: #ff0000;\">avoinna joka lauantai klo 14-18<\/span><\/strong><\/span>. <br \/><strong>Parturipalvelu<\/strong> lauantaisin m\u00f6kill\u00e4.Varaa aika. Leila puh. O7O-3231690.<br \/><strong>Kerhon j\u00e4senlehti<\/strong> viimeisin luettavissa RSKL:n <a href=\"https:\/\/rskl.se\/wp-content\/uploads\/2026\/02\/UumajanSuomalainenLehti_nr1-2026Helmikuu.pdf\">kotisivulla<\/a><br \/><br \/><strong><span style=\"color: #339966;\">\u2013 \u2013 \u2013 TOUKOKUU \u2013 Maj \u2013 \u2013 \u2013<\/span> <\/strong><br \/><strong>6.5. Kerhon j\u00e4senlehden<\/strong> nr 2 suunniteltu jakelup\u00e4iv\u00e4.<br \/><strong>10.5. su Suomalaisen \u00e4itienp\u00e4iv\u00e4n vietto <\/strong>Uumajassa \u00c5lidhemin kirkossa klo 14. Esiintyy mm. Charles Plogman<br \/><strong>12.5. ti El\u00e4kel\u00e4isjaosto<\/strong> \u00c5lidhemin kirkolla klo 13.<br \/><strong>19.5. Region V\u00e4sterbotten<\/strong> \u2013 j\u00e4rjest\u00e4\u00e4 digitaalisen neuvonpidon kaikille kansallisille v\u00e4hemmist\u00f6ille klo 18.00-20.00<br \/><strong>23.5. la Lauantaikerho lapsille<\/strong> klo 13-15 USK:n m\u00f6kill\u00e4 grillailua ja ulkoleikkej\u00e4 lapsille. Tarjolla grilliherkkuja sek\u00e4 fiikkaa.<br \/><strong>26.5. ti El\u00e4kel\u00e4iset<\/strong> m\u00f6kill\u00e4 klo13. Grillajaiset. Info Stig E. O7O-6024582. Viimeinen tapaaminen ennen kes\u00e4taukoa.<br \/><strong>27.5. ke <\/strong>Kev\u00e4tkauden viimeinen vesijumppa Ersbodassa<br \/><strong>27.5. ke USK johtokunnan kokous<\/strong> m\u00f6kill\u00e4 klo 18<br \/><strong>29.5. pe <\/strong> <strong>Uumajan kunta esitt\u00e4\u00e4<\/strong> Karaoke battle (suomeksi ja ruotsiksi) paikka Kaj scenen kl.15-16.30<br \/><br \/><strong><span style=\"color: #339966;\">\u2013 \u2013 \u2013 KES\u00c4KUU \u2013 Juni \u2013 \u2013 \u2013<\/span> <\/strong><br \/><strong>Kes\u00e4kahvila alkaa<\/strong> lauantaisin klo 12-17<br \/><strong>6.6. la Grillijuhla<\/strong> m\u00f6kill\u00e4 klo 18.30. Ilm. Arjalle tai m\u00f6kill\u00e4 olevaan listaan.<br \/><strong>10.6. Turvak\u00e4vely<\/strong> (aikuiset kaupungilla) Oletko halukas auttamaan? Ota yhteys Jariin O70\u00a0548 27 87<br \/><strong>13.6. la Kansainv\u00e4linen saunap\u00e4iv\u00e4<\/strong> kerhon m\u00f6kill\u00e4 klo 14<br \/><strong>24.6. ke USK johtokunnan kokous<\/strong> m\u00f6kill\u00e4 klo 18<br \/><br \/><strong><span style=\"color: #339966;\">\u2013 \u2013 \u2013 HEIN\u00c4KUU \u2013 Juli \u2013 \u2013 \u2013<\/span> <\/strong><br \/><br \/><strong><span style=\"color: #339966;\">\u2013 \u2013 \u2013 ELOKUU \u2013 Augusti \u2013 \u2013 \u2013<\/span> <\/strong><br \/><strong>12.8. ke USK johtokunnan kokous<\/strong> m\u00f6kill\u00e4 klo 18<br \/><strong>15.8. Kerhon j\u00e4senlehden<\/strong> nr 3 suunniteltu jakelup\u00e4iv\u00e4.<br \/><strong>29.8. la Uumajan Suomalaisen Kerhon 70-vuotisjuhlaristeily<\/strong>. L\u00e4ht\u00f6 Uumajasta klo 11.15 ja paluu Uumajaan klo 19.15.<br \/><strong>30.8. su<\/strong> <strong>Uumajan Suomalaisen Kerhon 70-vuotisjuhla<\/strong> V\u00e4ven, Kaj-scenen klo 13<br \/><br \/><strong><span style=\"color: #339966;\">\u2013 \u2013 \u2013 SYYSKUU \u2013 September \u2013 \u2013 \u2013<\/span> <\/strong><br \/><strong>16.9. ke USK johtokunnan kokous<\/strong> m\u00f6kill\u00e4 klo 180<br \/><br \/><strong><span style=\"color: #339966;\">\u2013 \u2013 \u2013 LOKAKUU \u2013 Oktober \u2013 \u2013 \u2013<\/span><\/strong><br \/><strong>10.10. Uumajan Suomalaisen kerhon ylim\u00e4\u00e4r\u00e4inen vuosikokous<\/strong> pidet\u00e4\u00e4n lauantaina 10.10. klo 12.Aiheena mm. vaalivaliokunnan valinta<\/p>\n\n\n\n<p><\/p>\n\n\n\n<p><strong><span style=\"color: #000000;\">&nbsp;<\/span><br \/><\/strong><span style=\"color: #000000;\">____________________________________________________________<\/span><br \/><strong>VIIKOITTAISET MENOVINKIT &#8211; AKTIVITETER N\u00c4STAN VARJE DAG<br \/><span style=\"color: #0000ff;\">Maanantai \/ <\/span><\/strong><em><span style=\"color: #0000ff;\">M\u00e5ndag<\/span><\/em><br \/><span style=\"color: #0000ff;\"><strong><br \/>Tiistai \/ <\/strong><em>Tisdag<\/em><\/span><br \/><span style=\"color: #0000ff;\"><span style=\"color: #000000;\"><strong>EL\u00c4KEL\u00c4ISET &#8211; <\/strong>PENSION\u00c4RER, Parittoman viikon tiistai<em>. <strong>klo 13.00 \u00c5lidhemin kirkolla &#8211; <\/strong>\u00c5lidhemskyrkan,<strong>Studentv. 2<\/strong><\/em><\/span><em><br \/><\/em><span style=\"color: #000000;\"><strong>TEATTERIRYHM\u00c4 &#8211; <\/strong>TEATERGRUPP&nbsp; <strong>puh.\/tel. <\/strong>Tapio Tamminen O70 -765 53 82.<\/span><br \/><span style=\"color: #000000;\"><strong>NAISJAOSTO &#8211; <\/strong><em>KVINNOSEKTION<\/em><\/span>, <span style=\"color: #000000;\"><strong>Ruuhkavuosiklubi ,<\/strong><a href=\"http:\/\/www.facebook.com\/groups\/645657673901109\">info Tea Berglund <\/a><\/span><br \/><em><br \/><\/em><strong>Keskiviikko \/ <\/strong><em>Onsdag<\/em><\/span><br \/>Vesijumppa Ersbodassa klo 18. Info Leila Boren O70-323 16 90<\/p>\n\n\n\n<p><span style=\"color: #0000ff;\"><strong>Torstai \/ <\/strong><em>Torsdag<br \/><\/em><\/span><br \/><span style=\"color: #0000ff;\"><strong>Perjantai \/ <\/strong><em>Fredag<br \/><\/em><\/span><br \/><span style=\"color: #0000ff;\"><strong>Lauantai \/ <\/strong><em>L\u00f6rdag<\/em><em><br \/><\/em><\/span><strong>SAUNA\/<\/strong><em>BASTU <\/em><strong>M\u00f6kill\u00e4 <\/strong><strong>klo 14.00 &#8211; 18.00<\/strong><em>i klubbstugan,<\/em><strong>Olle Fiskares v. 25 puh.\/tel. <\/strong>O7O-258 58 77<br \/><strong>MIESJAOSTO &#8211; <\/strong><em>HERRSEKTION <\/em><em><br \/><\/em><strong>lauantaisin Kerhon m\u00f6kill\u00e4 &#8211;<\/strong> <em>l\u00f6rdagar, Klubbstugan, <\/em>Olli Falben<em><br \/><\/em><\/p>\n\n\n\n<p><span style=\"color: #0000ff;\"><strong>Sunnuntai \/ <\/strong><em>S\u00f6ndag<\/em><\/span><\/p>\n\n\n\n<p>______________________________________________________________________<\/p>\n\n\n\n<p><\/p>\n","protected":false},"excerpt":{"rendered":"<p>Kerhom\u00f6kin osoite Olle Fiskares v\u00e4g 25 TOISTUVAT TAPAAMISET:Tiistai: El\u00e4kel\u00e4isjaosto joka toinen tiistai \u00c5lidhemin kirkolla klo 13. Info Stig E. O7O-6024582Keskiviikko: Vesijumppa Ersbodassa klo 15. Info Leila B. O70-323 16 90LAUANTAISIN: Sauna ja m\u00f6kki avoinna joka lauantai klo 14-18. Parturipalvelu lauantaisin &hellip; <a href=\"https:\/\/uumajalaiset.se\/\">L\u00e4s mer <span class=\"meta-nav\">&rarr;<\/span><\/a><\/p>\n","protected":false},"author":1,"featured_media":0,"parent":0,"menu_order":0,"comment_status":"closed","ping_status":"closed","template":"","meta":{"footnotes":""},"class_list":["post-24","page","type-page","status-publish","hentry"],"_links":{"self":[{"href":"https:\/\/uumajalaiset.se\/index.php?rest_route=\/wp\/v2\/pages\/24","targetHints":{"allow":["GET"]}}],"collection":[{"href":"https:\/\/uumajalaiset.se\/index.php?rest_route=\/wp\/v2\/pages"}],"about":[{"href":"https:\/\/uumajalaiset.se\/index.php?rest_route=\/wp\/v2\/types\/page"}],"author":[{"embeddable":true,"href":"https:\/\/uumajalaiset.se\/index.php?rest_route=\/wp\/v2\/users\/1"}],"replies":[{"embeddable":true,"href":"https:\/\/uumajalaiset.se\/index.php?rest_route=%2Fwp%2Fv2%2Fcomments&post=24"}],"version-history":[{"count":2828,"href":"https:\/\/uumajalaiset.se\/index.php?rest_route=\/wp\/v2\/pages\/24\/revisions"}],"predecessor-version":[{"id":10800,"href":"https:\/\/uumajalaiset.se\/index.php?rest_route=\/wp\/v2\/pages\/24\/revisions\/10800"}],"wp:attachment":[{"href":"https:\/\/uumajalaiset.se\/index.php?rest_route=%2Fwp%2Fv2%2Fmedia&parent=24"}],"curies":[{"name":"wp","href":"https:\/\/api.w.org\/{rel}","templated":true}]}}